{"id":1053,"date":"2020-10-11T05:44:02","date_gmt":"2020-10-11T05:44:02","guid":{"rendered":"http:\/\/localhost\/it-consult\/?page_id=1053"},"modified":"2024-02-29T15:35:37","modified_gmt":"2024-02-29T14:35:37","slug":"our-services","status":"publish","type":"page","link":"https:\/\/kedal.cl\/?page_id=1053","title":{"rendered":"Servicios"},"content":{"rendered":"\t\t<div data-elementor-type=\"wp-page\" data-elementor-id=\"1053\" class=\"elementor elementor-1053\">\n\t\t\t\t\t\t<section class=\"elementor-section elementor-top-section elementor-element elementor-element-b902da6 elementor-section-full_width elementor-section-height-default elementor-section-height-default\" data-id=\"b902da6\" data-element_type=\"section\">\n\t\t\t\t\t\t<div class=\"elementor-container elementor-column-gap-no\">\n\t\t\t\t\t<div class=\"elementor-column elementor-col-100 elementor-top-column elementor-element elementor-element-a56e0b1\" data-id=\"a56e0b1\" data-element_type=\"column\">\n\t\t\t<div class=\"elementor-widget-wrap\">\n\t\t\t\t\t\t\t<\/div>\n\t\t<\/div>\n\t\t\t\t\t<\/div>\n\t\t<\/section>\n\t\t\t\t<section class=\"elementor-section elementor-top-section elementor-element elementor-element-ca6e871 elementor-section-boxed elementor-section-height-default elementor-section-height-default\" data-id=\"ca6e871\" data-element_type=\"section\" data-settings=\"{&quot;background_background&quot;:&quot;classic&quot;}\">\n\t\t\t\t\t\t<div class=\"elementor-container elementor-column-gap-default\">\n\t\t\t\t\t<div class=\"elementor-column elementor-col-100 elementor-top-column elementor-element elementor-element-43f5cef\" data-id=\"43f5cef\" data-element_type=\"column\">\n\t\t\t<div class=\"elementor-widget-wrap elementor-element-populated\">\n\t\t\t\t\t\t<section class=\"elementor-section elementor-inner-section elementor-element elementor-element-d67ec4b elementor-section-boxed elementor-section-height-default elementor-section-height-default\" data-id=\"d67ec4b\" data-element_type=\"section\">\n\t\t\t\t\t\t<div class=\"elementor-container elementor-column-gap-default\">\n\t\t\t\t\t<div class=\"elementor-column elementor-col-100 elementor-inner-column elementor-element elementor-element-1684df0\" data-id=\"1684df0\" data-element_type=\"column\">\n\t\t\t<div class=\"elementor-widget-wrap elementor-element-populated\">\n\t\t\t\t\t\t<div class=\"elementor-element elementor-element-e081464 elementor-widget elementor-widget-sectiontitle\" data-id=\"e081464\" data-element_type=\"widget\" data-widget_type=\"sectiontitle.default\">\n\t\t\t\t<div class=\"elementor-widget-container\">\n\t\t\t\t\t\r\n\t\t\r\n\t<div class=\"style-six\">\r\n\r\n\t\t\t<div class=\"section-title t_left\">\r\n\t\t\t\t\r\n\t\t\t\t<h5>\u00bfQue Servicios prestamos?<\/h5>\r\n\t\t\t\t\r\n\t\t\t\t<div class=\"title\">\r\n\t\t\t\t    <h3>Inspecci\u00f3n<\/h3>\r\n\t\t\t\t    <h2>Evaluaci\u00f3n y <span>Limpieza<\/span><\/h2>\r\n\t\t\t\t<\/div>\r\n\t\t\t\t\r\n\t\t\t\t\t\t\t\r\n\t\t\t\t\t\r\n\t\t\t\t\t\t\t\t\r\n\r\n\t\t\t\t<p><\/p>\r\n\t\t\t\t\r\n\t\t\t<\/div>\t\r\n\r\n\t\t<\/div>\r\n\r\n\r\n\t\t\t\t<\/div>\n\t\t\t\t<\/div>\n\t\t\t\t<div class=\"elementor-element elementor-element-3368577 elementor-widget elementor-widget-text-editor\" data-id=\"3368577\" data-element_type=\"widget\" data-widget_type=\"text-editor.default\">\n\t\t\t\t<div class=\"elementor-widget-container\">\n\t\t\t\t\t\t\t\t\t<p>Ofrecemos un servicio que posibilita la inspecci\u00f3n no invasiva de las tuber\u00edas de agua de proceso, garantizando que no afectar\u00e1 la operaci\u00f3n ni la producci\u00f3n de nuestros clientes. Adicionalmente, podemos identificar puntos cr\u00edticos, ajustar las paradas de planta y optimizar los recursos de personal para detenciones, todo respaldado por una evaluaci\u00f3n previa a cada mantenimiento.<\/p>\n<p>Nuestra soluci\u00f3n de limpieza implica un sistema de alta presi\u00f3n con agua, eliminando dep\u00f3sitos de calcio en las tuber\u00edas de agua, evitando costos de capital (CAPEX) y operativos (OPEX). Este proceso no solo es eficiente sino tambi\u00e9n seguro y respetuoso con el medio ambiente.<\/p>\n<p>Adem\u00e1s, nuestro sistema de monitoreo asegura un control continuo y operaci\u00f3n sin restricciones en el sistema de tuber\u00edas de agua. Esto previene problemas como obstrucciones y fallos en equipos de control, como v\u00e1lvulas y fluj\u00f3metros.<\/p>\n<p><\/p>\t\t\t\t\t\t\t\t<\/div>\n\t\t\t\t<\/div>\n\t\t\t\t\t<\/div>\n\t\t<\/div>\n\t\t\t\t\t<\/div>\n\t\t<\/section>\n\t\t\t\t\t<\/div>\n\t\t<\/div>\n\t\t\t\t\t<\/div>\n\t\t<\/section>\n\t\t<div class=\"elementor-element elementor-element-523a4a3 e-flex e-con-boxed e-con e-parent\" data-id=\"523a4a3\" data-element_type=\"container\">\n\t\t\t\t\t<div class=\"e-con-inner\">\n\t\t<div class=\"elementor-element elementor-element-e0d1d0e e-con-full e-flex e-con e-child\" data-id=\"e0d1d0e\" data-element_type=\"container\">\n\t\t\t\t<div class=\"elementor-element elementor-element-372c881 elementor-position-top elementor-widget elementor-widget-image-box\" data-id=\"372c881\" data-element_type=\"widget\" data-widget_type=\"image-box.default\">\n\t\t\t\t<div class=\"elementor-widget-container\">\n\t\t\t\t\t<div class=\"elementor-image-box-wrapper\"><figure class=\"elementor-image-box-img\"><img fetchpriority=\"high\" decoding=\"async\" width=\"320\" height=\"321\" src=\"https:\/\/kedal.cl\/wp-content\/uploads\/2024\/02\/Inpeccionar-Tuberias-1.jpg\" class=\"attachment-full size-full wp-image-9427\" alt=\"\" srcset=\"https:\/\/kedal.cl\/wp-content\/uploads\/2024\/02\/Inpeccionar-Tuberias-1.jpg 320w, https:\/\/kedal.cl\/wp-content\/uploads\/2024\/02\/Inpeccionar-Tuberias-1-300x300.jpg 300w, https:\/\/kedal.cl\/wp-content\/uploads\/2024\/02\/Inpeccionar-Tuberias-1-150x150.jpg 150w, https:\/\/kedal.cl\/wp-content\/uploads\/2024\/02\/Inpeccionar-Tuberias-1-106x106.jpg 106w, https:\/\/kedal.cl\/wp-content\/uploads\/2024\/02\/Inpeccionar-Tuberias-1-80x80.jpg 80w\" sizes=\"(max-width: 320px) 100vw, 320px\" \/><\/figure><div class=\"elementor-image-box-content\"><h3 class=\"elementor-image-box-title\">Inspecci\u00f3n \/ Evaluaci\u00f3n<\/h3><p class=\"elementor-image-box-description\">Nuestros servicio permite inspeccionar tuber\u00edas de agua de proceso de forma no invasiva, no afectando la operaci\u00f3n y la producci\u00f3n de nuestros clientes.\n\nAdem\u00e1s podemos definir los puntos cr\u00edticos, ajustar las detenciones de plantas, optimizar los recursos de FTE para detenciones, todo bajo una evaluaci\u00f3n previa a cada mantenci\u00f3n.\n<\/p><\/div><\/div>\t\t\t\t<\/div>\n\t\t\t\t<\/div>\n\t\t\t\t<\/div>\n\t\t<div class=\"elementor-element elementor-element-f71eea8 e-con-full e-flex e-con e-child\" data-id=\"f71eea8\" data-element_type=\"container\">\n\t\t\t\t<div class=\"elementor-element elementor-element-a9fc2df elementor-position-top elementor-widget elementor-widget-image-box\" data-id=\"a9fc2df\" data-element_type=\"widget\" data-widget_type=\"image-box.default\">\n\t\t\t\t<div class=\"elementor-widget-container\">\n\t\t\t\t\t<div class=\"elementor-image-box-wrapper\"><figure class=\"elementor-image-box-img\"><img decoding=\"async\" width=\"320\" height=\"321\" src=\"https:\/\/kedal.cl\/wp-content\/uploads\/2024\/02\/Inpeccionar-Tuberias-2.jpg\" class=\"attachment-full size-full wp-image-9426\" alt=\"\" srcset=\"https:\/\/kedal.cl\/wp-content\/uploads\/2024\/02\/Inpeccionar-Tuberias-2.jpg 320w, https:\/\/kedal.cl\/wp-content\/uploads\/2024\/02\/Inpeccionar-Tuberias-2-300x300.jpg 300w, https:\/\/kedal.cl\/wp-content\/uploads\/2024\/02\/Inpeccionar-Tuberias-2-150x150.jpg 150w, https:\/\/kedal.cl\/wp-content\/uploads\/2024\/02\/Inpeccionar-Tuberias-2-106x106.jpg 106w, https:\/\/kedal.cl\/wp-content\/uploads\/2024\/02\/Inpeccionar-Tuberias-2-80x80.jpg 80w\" sizes=\"(max-width: 320px) 100vw, 320px\" \/><\/figure><div class=\"elementor-image-box-content\"><h3 class=\"elementor-image-box-title\">Limpieza<\/h3><p class=\"elementor-image-box-description\">Sistema de limpieza con agua a alta presi\u00f3n que permite eliminar las formaciones de calcio depositadas en las tuber\u00edas de agua, evitando as\u00ed CAPEX y OPEX. Adem\u00e1s un proceso limpio y seguro.\n<\/p><\/div><\/div>\t\t\t\t<\/div>\n\t\t\t\t<\/div>\n\t\t\t\t<\/div>\n\t\t<div class=\"elementor-element elementor-element-3350f0b e-con-full e-flex e-con e-child\" data-id=\"3350f0b\" data-element_type=\"container\" data-settings=\"{&quot;background_background&quot;:&quot;classic&quot;}\">\n\t\t\t\t<div class=\"elementor-element elementor-element-6994eec elementor-position-top elementor-widget elementor-widget-image-box\" data-id=\"6994eec\" data-element_type=\"widget\" data-widget_type=\"image-box.default\">\n\t\t\t\t<div class=\"elementor-widget-container\">\n\t\t\t\t\t<div class=\"elementor-image-box-wrapper\"><figure class=\"elementor-image-box-img\"><img decoding=\"async\" width=\"321\" height=\"321\" src=\"https:\/\/kedal.cl\/wp-content\/uploads\/2024\/02\/Inpeccionar-Tuberias-3.jpg\" class=\"attachment-full size-full wp-image-9425\" alt=\"\" srcset=\"https:\/\/kedal.cl\/wp-content\/uploads\/2024\/02\/Inpeccionar-Tuberias-3.jpg 321w, https:\/\/kedal.cl\/wp-content\/uploads\/2024\/02\/Inpeccionar-Tuberias-3-300x300.jpg 300w, https:\/\/kedal.cl\/wp-content\/uploads\/2024\/02\/Inpeccionar-Tuberias-3-150x150.jpg 150w, https:\/\/kedal.cl\/wp-content\/uploads\/2024\/02\/Inpeccionar-Tuberias-3-106x106.jpg 106w, https:\/\/kedal.cl\/wp-content\/uploads\/2024\/02\/Inpeccionar-Tuberias-3-80x80.jpg 80w\" sizes=\"(max-width: 321px) 100vw, 321px\" \/><\/figure><div class=\"elementor-image-box-content\"><h3 class=\"elementor-image-box-title\">Monitoreo<\/h3><p class=\"elementor-image-box-description\">Mantiene el sistema de tuber\u00edas de agua controlado y operativo, sin restricciones de aguas y fallas de equipos de control como v\u00e1lvulas y fluj\u00f3metros.\n<\/p><\/div><\/div>\t\t\t\t<\/div>\n\t\t\t\t<\/div>\n\t\t\t\t<\/div>\n\t\t\t\t\t<\/div>\n\t\t\t\t<\/div>\n\t\t\t\t<\/div>\n\t\t","protected":false},"excerpt":{"rendered":"<p>\u00bfQue Servicios prestamos? Inspecci\u00f3n Evaluaci\u00f3n y Limpieza Ofrecemos un servicio que posibilita la inspecci\u00f3n no invasiva de las tuber\u00edas de agua de proceso, garantizando que no afectar\u00e1 la operaci\u00f3n ni la producci\u00f3n de nuestros clientes. Adicionalmente, podemos identificar puntos cr\u00edticos, ajustar las paradas de planta y optimizar los recursos de personal para detenciones, todo respaldado [&hellip;]<\/p>\n","protected":false},"author":1,"featured_media":0,"parent":0,"menu_order":0,"comment_status":"closed","ping_status":"closed","template":"page-templates\/template-default.php","meta":{"footnotes":""},"_links":{"self":[{"href":"https:\/\/kedal.cl\/index.php?rest_route=\/wp\/v2\/pages\/1053"}],"collection":[{"href":"https:\/\/kedal.cl\/index.php?rest_route=\/wp\/v2\/pages"}],"about":[{"href":"https:\/\/kedal.cl\/index.php?rest_route=\/wp\/v2\/types\/page"}],"author":[{"embeddable":true,"href":"https:\/\/kedal.cl\/index.php?rest_route=\/wp\/v2\/users\/1"}],"replies":[{"embeddable":true,"href":"https:\/\/kedal.cl\/index.php?rest_route=%2Fwp%2Fv2%2Fcomments&post=1053"}],"version-history":[{"count":23,"href":"https:\/\/kedal.cl\/index.php?rest_route=\/wp\/v2\/pages\/1053\/revisions"}],"predecessor-version":[{"id":9439,"href":"https:\/\/kedal.cl\/index.php?rest_route=\/wp\/v2\/pages\/1053\/revisions\/9439"}],"wp:attachment":[{"href":"https:\/\/kedal.cl\/index.php?rest_route=%2Fwp%2Fv2%2Fmedia&parent=1053"}],"curies":[{"name":"wp","href":"https:\/\/api.w.org\/{rel}","templated":true}]}}